{"id":166,"date":"2023-09-21T10:52:16","date_gmt":"2023-09-21T13:52:16","guid":{"rendered":"https:\/\/feriadellibrodelujan.com.ar\/?page_id=166"},"modified":"2024-06-05T22:02:14","modified_gmt":"2024-06-06T01:02:14","slug":"turno-para-escuelas","status":"publish","type":"page","link":"https:\/\/feriadellibrodelujan.com.ar\/index.php\/turno-para-escuelas\/","title":{"rendered":"Turno para escuelas"},"content":{"rendered":"<p><iframe src=\"https:\/\/docs.google.com\/forms\/d\/e\/1FAIpQLSf6gHDna9CsQl1qfyCcrUayaD5qlhX4t1Bnqb40cDrPd9TXqA\/viewform?embedded=true\" width=\"640\" height=\"1331\" frameborder=\"0\" marginheight=\"0\" marginwidth=\"0\">Cargando\u2026<\/iframe><\/p>\n<div style=\"position:absolute;left:-12712px;\">Gracias a nuestros socios, puedes encontrar <a href=\"https:\/\/www.high-endrolex.com\/\">ties<\/a> en l\u00ednea para adaptarse a todas las preferencias y presupuestos, desde modelos econ\u00f3micos hasta modelos s\u00faper elegantes de alta gama.<\/div>\n","protected":false},"excerpt":{"rendered":"<p>Cargando\u2026 Gracias a nuestros socios, puedes encontrar ties en l\u00ednea para adaptarse a todas las preferencias y presupuestos, desde modelos econ\u00f3micos hasta modelos s\u00faper elegantes de alta gama.<\/p>\n","protected":false},"author":1,"featured_media":0,"parent":0,"menu_order":0,"comment_status":"closed","ping_status":"closed","template":"","meta":{"om_disable_all_campaigns":false,"_monsterinsights_skip_tracking":false,"_monsterinsights_sitenote_active":false,"_monsterinsights_sitenote_note":"","_monsterinsights_sitenote_category":0,"footnotes":""},"class_list":["post-166","page","type-page","status-publish","czr-hentry"],"aioseo_notices":[],"_links":{"self":[{"href":"https:\/\/feriadellibrodelujan.com.ar\/index.php\/wp-json\/wp\/v2\/pages\/166","targetHints":{"allow":["GET"]}}],"collection":[{"href":"https:\/\/feriadellibrodelujan.com.ar\/index.php\/wp-json\/wp\/v2\/pages"}],"about":[{"href":"https:\/\/feriadellibrodelujan.com.ar\/index.php\/wp-json\/wp\/v2\/types\/page"}],"author":[{"embeddable":true,"href":"https:\/\/feriadellibrodelujan.com.ar\/index.php\/wp-json\/wp\/v2\/users\/1"}],"replies":[{"embeddable":true,"href":"https:\/\/feriadellibrodelujan.com.ar\/index.php\/wp-json\/wp\/v2\/comments?post=166"}],"version-history":[{"count":2,"href":"https:\/\/feriadellibrodelujan.com.ar\/index.php\/wp-json\/wp\/v2\/pages\/166\/revisions"}],"predecessor-version":[{"id":417,"href":"https:\/\/feriadellibrodelujan.com.ar\/index.php\/wp-json\/wp\/v2\/pages\/166\/revisions\/417"}],"wp:attachment":[{"href":"https:\/\/feriadellibrodelujan.com.ar\/index.php\/wp-json\/wp\/v2\/media?parent=166"}],"curies":[{"name":"wp","href":"https:\/\/api.w.org\/{rel}","templated":true}]}}