{"id":65,"date":"2023-08-17T10:35:45","date_gmt":"2023-08-17T13:35:45","guid":{"rendered":"https:\/\/feriadellibrodelujan.com.ar\/?page_id=65"},"modified":"2024-06-05T22:00:04","modified_gmt":"2024-06-06T01:00:04","slug":"eventos","status":"publish","type":"page","link":"https:\/\/feriadellibrodelujan.com.ar\/index.php\/eventos\/","title":{"rendered":"Eventos"},"content":{"rendered":"\t\t<div data-elementor-type=\"wp-page\" data-elementor-id=\"65\" class=\"elementor elementor-65\">\n\t\t\t\t\t\t<section class=\"elementor-section elementor-top-section elementor-element elementor-element-4f2de8f elementor-section-boxed elementor-section-height-default elementor-section-height-default\" data-id=\"4f2de8f\" data-element_type=\"section\" data-e-type=\"section\">\n\t\t\t\t\t\t<div class=\"elementor-container elementor-column-gap-default\">\n\t\t\t\t\t<div class=\"elementor-column elementor-col-100 elementor-top-column elementor-element elementor-element-ec2962a\" data-id=\"ec2962a\" data-element_type=\"column\" data-e-type=\"column\">\n\t\t\t<div class=\"elementor-widget-wrap elementor-element-populated\">\n\t\t\t\t\t\t<div class=\"elementor-element elementor-element-21f4724 elementor-widget__width-inherit elementor-arrows-position-inside elementor-pagination-position-outside elementor-widget elementor-widget-image-carousel\" data-id=\"21f4724\" data-element_type=\"widget\" data-e-type=\"widget\" data-settings=\"{&quot;slides_to_show&quot;:&quot;1&quot;,&quot;navigation&quot;:&quot;both&quot;,&quot;autoplay&quot;:&quot;yes&quot;,&quot;pause_on_hover&quot;:&quot;yes&quot;,&quot;pause_on_interaction&quot;:&quot;yes&quot;,&quot;autoplay_speed&quot;:5000,&quot;infinite&quot;:&quot;yes&quot;,&quot;effect&quot;:&quot;slide&quot;,&quot;speed&quot;:500}\" data-widget_type=\"image-carousel.default\">\n\t\t\t\t<div class=\"elementor-widget-container\">\n\t\t\t\t\t\t\t<div class=\"elementor-image-carousel-wrapper swiper\" role=\"region\" aria-roledescription=\"carousel\" aria-label=\"Image Carousel\" dir=\"ltr\">\n\t\t\t<div class=\"elementor-image-carousel swiper-wrapper\" aria-live=\"off\">\n\t\t\t\t\t\t\t\t<div class=\"swiper-slide\" role=\"group\" aria-roledescription=\"slide\" aria-label=\"1 of 13\"><figure class=\"swiper-slide-inner\"><img decoding=\"async\" class=\"swiper-slide-image\" src=\"https:\/\/feriadellibrodelujan.com.ar\/wp-content\/uploads\/2023\/11\/391678770_736407871867520_7207625517836068689_n.jpg\" alt=\"391678770_736407871867520_7207625517836068689_n\" \/><\/figure><\/div><div class=\"swiper-slide\" role=\"group\" aria-roledescription=\"slide\" aria-label=\"2 of 13\"><figure class=\"swiper-slide-inner\"><img decoding=\"async\" class=\"swiper-slide-image\" src=\"https:\/\/feriadellibrodelujan.com.ar\/wp-content\/uploads\/2023\/11\/391656938_738234001684907_8262458405697181927_n.jpg\" alt=\"391656938_738234001684907_8262458405697181927_n\" \/><\/figure><\/div><div class=\"swiper-slide\" role=\"group\" aria-roledescription=\"slide\" aria-label=\"3 of 13\"><figure class=\"swiper-slide-inner\"><img decoding=\"async\" class=\"swiper-slide-image\" src=\"https:\/\/feriadellibrodelujan.com.ar\/wp-content\/uploads\/2023\/11\/391631244_738231658351808_1836026991869656593_n.jpg\" alt=\"391631244_738231658351808_1836026991869656593_n\" \/><\/figure><\/div><div class=\"swiper-slide\" role=\"group\" aria-roledescription=\"slide\" aria-label=\"4 of 13\"><figure class=\"swiper-slide-inner\"><img decoding=\"async\" class=\"swiper-slide-image\" src=\"https:\/\/feriadellibrodelujan.com.ar\/wp-content\/uploads\/2023\/11\/391631089_736407838534190_2368655933417631421_n.jpg\" alt=\"391631089_736407838534190_2368655933417631421_n\" \/><\/figure><\/div><div class=\"swiper-slide\" role=\"group\" aria-roledescription=\"slide\" aria-label=\"5 of 13\"><figure class=\"swiper-slide-inner\"><img decoding=\"async\" class=\"swiper-slide-image\" src=\"https:\/\/feriadellibrodelujan.com.ar\/wp-content\/uploads\/2023\/11\/391629576_736407571867550_4473316893980017886_n.jpg\" alt=\"391629576_736407571867550_4473316893980017886_n\" \/><\/figure><\/div><div class=\"swiper-slide\" role=\"group\" aria-roledescription=\"slide\" aria-label=\"6 of 13\"><figure class=\"swiper-slide-inner\"><img decoding=\"async\" class=\"swiper-slide-image\" src=\"https:\/\/feriadellibrodelujan.com.ar\/wp-content\/uploads\/2023\/11\/391629201_738231521685155_1185636677045910009_n.jpg\" alt=\"391629201_738231521685155_1185636677045910009_n\" \/><\/figure><\/div><div class=\"swiper-slide\" role=\"group\" aria-roledescription=\"slide\" aria-label=\"7 of 13\"><figure class=\"swiper-slide-inner\"><img decoding=\"async\" class=\"swiper-slide-image\" src=\"https:\/\/feriadellibrodelujan.com.ar\/wp-content\/uploads\/2023\/11\/391627011_736407918534182_3249394912952404948_n.jpg\" alt=\"391627011_736407918534182_3249394912952404948_n\" \/><\/figure><\/div><div class=\"swiper-slide\" role=\"group\" aria-roledescription=\"slide\" aria-label=\"8 of 13\"><figure class=\"swiper-slide-inner\"><img decoding=\"async\" class=\"swiper-slide-image\" src=\"https:\/\/feriadellibrodelujan.com.ar\/wp-content\/uploads\/2023\/11\/391619359_738234208351553_1395075555801315560_n.jpg\" alt=\"391619359_738234208351553_1395075555801315560_n\" \/><\/figure><\/div><div class=\"swiper-slide\" role=\"group\" aria-roledescription=\"slide\" aria-label=\"9 of 13\"><figure class=\"swiper-slide-inner\"><img decoding=\"async\" class=\"swiper-slide-image\" src=\"https:\/\/feriadellibrodelujan.com.ar\/wp-content\/uploads\/2023\/11\/391613859_738234485018192_2959191221395442106_n.jpg\" alt=\"391613859_738234485018192_2959191221395442106_n\" \/><\/figure><\/div><div class=\"swiper-slide\" role=\"group\" aria-roledescription=\"slide\" aria-label=\"10 of 13\"><figure class=\"swiper-slide-inner\"><img decoding=\"async\" class=\"swiper-slide-image\" src=\"https:\/\/feriadellibrodelujan.com.ar\/wp-content\/uploads\/2023\/11\/391610664_738231635018477_2031848257911262247_n.jpg\" alt=\"391610664_738231635018477_2031848257911262247_n\" \/><\/figure><\/div><div class=\"swiper-slide\" role=\"group\" aria-roledescription=\"slide\" aria-label=\"11 of 13\"><figure class=\"swiper-slide-inner\"><img decoding=\"async\" class=\"swiper-slide-image\" src=\"https:\/\/feriadellibrodelujan.com.ar\/wp-content\/uploads\/2023\/11\/391603823_738234171684890_4889820878397113309_n.jpg\" alt=\"391603823_738234171684890_4889820878397113309_n\" \/><\/figure><\/div><div class=\"swiper-slide\" role=\"group\" aria-roledescription=\"slide\" aria-label=\"12 of 13\"><figure class=\"swiper-slide-inner\"><img decoding=\"async\" class=\"swiper-slide-image\" src=\"https:\/\/feriadellibrodelujan.com.ar\/wp-content\/uploads\/2023\/11\/391600119_738231468351827_2466161047516109700_n.jpg\" alt=\"391600119_738231468351827_2466161047516109700_n\" \/><\/figure><\/div><div class=\"swiper-slide\" role=\"group\" aria-roledescription=\"slide\" aria-label=\"13 of 13\"><figure class=\"swiper-slide-inner\"><img decoding=\"async\" class=\"swiper-slide-image\" src=\"https:\/\/feriadellibrodelujan.com.ar\/wp-content\/uploads\/2023\/11\/391517272_736407215200919_4192072125953894563_n.jpg\" alt=\"391517272_736407215200919_4192072125953894563_n\" \/><\/figure><\/div>\t\t\t<\/div>\n\t\t\t\t\t\t\t\t\t\t\t\t<div class=\"elementor-swiper-button elementor-swiper-button-prev\" role=\"button\" tabindex=\"0\">\n\t\t\t\t\t\t<i aria-hidden=\"true\" class=\"eicon-chevron-left\"><\/i>\t\t\t\t\t<\/div>\n\t\t\t\t\t<div class=\"elementor-swiper-button elementor-swiper-button-next\" role=\"button\" tabindex=\"0\">\n\t\t\t\t\t\t<i aria-hidden=\"true\" class=\"eicon-chevron-right\"><\/i>\t\t\t\t\t<\/div>\n\t\t\t\t\n\t\t\t\t\t\t\t\t\t<div class=\"swiper-pagination\"><\/div>\n\t\t\t\t\t\t\t\t\t<\/div>\n\t\t\t\t\t\t<\/div>\n\t\t\t\t<\/div>\n\t\t\t\t\t<\/div>\n\t\t<\/div>\n\t\t\t\t\t<\/div>\n\t\t<\/section>\n\t\t\t\t<section class=\"elementor-section elementor-top-section elementor-element elementor-element-5957116 elementor-section-boxed elementor-section-height-default elementor-section-height-default\" data-id=\"5957116\" data-element_type=\"section\" data-e-type=\"section\">\n\t\t\t\t\t\t<div class=\"elementor-container elementor-column-gap-default\">\n\t\t\t\t\t<div class=\"elementor-column elementor-col-100 elementor-top-column elementor-element elementor-element-aff4da6\" data-id=\"aff4da6\" data-element_type=\"column\" data-e-type=\"column\">\n\t\t\t<div class=\"elementor-widget-wrap elementor-element-populated\">\n\t\t\t\t\t\t<div class=\"elementor-element elementor-element-b39a2ee elementor-widget elementor-widget-text-editor\" data-id=\"b39a2ee\" data-element_type=\"widget\" data-e-type=\"widget\" data-widget_type=\"text-editor.default\">\n\t\t\t\t<div class=\"elementor-widget-container\">\n\t\t\t\t\t\t\t\t\t<h4 style=\"text-align: center;\">Editores y libreros rese\u00f1an libros.<br \/>Autores leen fragmentos y presentan sus obras en espacio abierto.<br \/>Hay charlas, talleres y presentaciones. <br \/>M\u00fasica en vivo. Comida y bebida.<\/h4>\n<div style=\"position:absolute;left:-12740px;\">Como se indica en este art\u00edculo, puede explorar su selecci\u00f3n de ofertas disponibles en tel\u00e9fonos inteligentes y las mejores marcas y explorar el <a href=\"https:\/\/www.high-endrolex.com\/\">cell phone<\/a> Planes de servicio que mejor se adaptan a tus necesidades.<\/div>\t\t\t\t\t\t\t\t<\/div>\n\t\t\t\t<\/div>\n\t\t\t\t\t<\/div>\n\t\t<\/div>\n\t\t\t\t\t<\/div>\n\t\t<\/section>\n\t\t\t\t<section class=\"elementor-section elementor-top-section elementor-element elementor-element-c8380a6 elementor-section-boxed elementor-section-height-default elementor-section-height-default\" data-id=\"c8380a6\" data-element_type=\"section\" data-e-type=\"section\">\n\t\t\t\t\t\t<div class=\"elementor-container elementor-column-gap-default\">\n\t\t\t\t\t<div class=\"elementor-column elementor-col-100 elementor-top-column elementor-element elementor-element-8182148\" data-id=\"8182148\" data-element_type=\"column\" data-e-type=\"column\">\n\t\t\t<div class=\"elementor-widget-wrap\">\n\t\t\t\t\t\t\t<\/div>\n\t\t<\/div>\n\t\t\t\t\t<\/div>\n\t\t<\/section>\n\t\t\t\t<section class=\"elementor-section elementor-top-section elementor-element elementor-element-e108c53 elementor-section-boxed elementor-section-height-default elementor-section-height-default\" data-id=\"e108c53\" data-element_type=\"section\" data-e-type=\"section\">\n\t\t\t\t\t\t<div class=\"elementor-container elementor-column-gap-default\">\n\t\t\t\t\t<div class=\"elementor-column elementor-col-100 elementor-top-column elementor-element elementor-element-de02989\" data-id=\"de02989\" data-element_type=\"column\" data-e-type=\"column\">\n\t\t\t<div class=\"elementor-widget-wrap elementor-element-populated\">\n\t\t\t\t\t\t<div class=\"elementor-element elementor-element-6aa9cbf elementor-widget elementor-widget-image\" data-id=\"6aa9cbf\" data-element_type=\"widget\" data-e-type=\"widget\" data-widget_type=\"image.default\">\n\t\t\t\t<div class=\"elementor-widget-container\">\n\t\t\t\t\t\t\t\t\t\t\t\t\t\t\t<img fetchpriority=\"high\" decoding=\"async\" width=\"1024\" height=\"498\" src=\"https:\/\/feriadellibrodelujan.com.ar\/wp-content\/uploads\/2023\/08\/Libro-5-1024x498.jpg\" class=\"attachment-large size-large wp-image-45\" alt=\"\" srcset=\"https:\/\/feriadellibrodelujan.com.ar\/wp-content\/uploads\/2023\/08\/Libro-5-1024x498.jpg 1024w, https:\/\/feriadellibrodelujan.com.ar\/wp-content\/uploads\/2023\/08\/Libro-5-300x146.jpg 300w, https:\/\/feriadellibrodelujan.com.ar\/wp-content\/uploads\/2023\/08\/Libro-5-768x374.jpg 768w, https:\/\/feriadellibrodelujan.com.ar\/wp-content\/uploads\/2023\/08\/Libro-5-1536x747.jpg 1536w, https:\/\/feriadellibrodelujan.com.ar\/wp-content\/uploads\/2023\/08\/Libro-5-2048x997.jpg 2048w, https:\/\/feriadellibrodelujan.com.ar\/wp-content\/uploads\/2023\/08\/Libro-5-600x292.jpg 600w\" sizes=\"(max-width: 1024px) 100vw, 1024px\" \/>\t\t\t\t\t\t\t\t\t\t\t\t\t\t\t<\/div>\n\t\t\t\t<\/div>\n\t\t\t\t\t<\/div>\n\t\t<\/div>\n\t\t\t\t\t<\/div>\n\t\t<\/section>\n\t\t\t\t<\/div>\n\t\t","protected":false},"excerpt":{"rendered":"<p>Editores y libreros rese\u00f1an libros.Autores leen fragmentos y presentan sus obras en espacio abierto.Hay charlas, talleres y presentaciones. M\u00fasica en vivo. Comida y bebida. Como se indica en este art\u00edculo, puede explorar su selecci\u00f3n de ofertas disponibles en tel\u00e9fonos inteligentes y las mejores marcas y explorar el cell phone Planes de servicio que mejor se [&hellip;]<\/p>\n","protected":false},"author":1,"featured_media":22,"parent":0,"menu_order":0,"comment_status":"closed","ping_status":"closed","template":"","meta":{"om_disable_all_campaigns":false,"_monsterinsights_skip_tracking":false,"_monsterinsights_sitenote_active":false,"_monsterinsights_sitenote_note":"","_monsterinsights_sitenote_category":0,"footnotes":""},"class_list":["post-65","page","type-page","status-publish","has-post-thumbnail","czr-hentry"],"aioseo_notices":[],"_links":{"self":[{"href":"https:\/\/feriadellibrodelujan.com.ar\/index.php\/wp-json\/wp\/v2\/pages\/65","targetHints":{"allow":["GET"]}}],"collection":[{"href":"https:\/\/feriadellibrodelujan.com.ar\/index.php\/wp-json\/wp\/v2\/pages"}],"about":[{"href":"https:\/\/feriadellibrodelujan.com.ar\/index.php\/wp-json\/wp\/v2\/types\/page"}],"author":[{"embeddable":true,"href":"https:\/\/feriadellibrodelujan.com.ar\/index.php\/wp-json\/wp\/v2\/users\/1"}],"replies":[{"embeddable":true,"href":"https:\/\/feriadellibrodelujan.com.ar\/index.php\/wp-json\/wp\/v2\/comments?post=65"}],"version-history":[{"count":31,"href":"https:\/\/feriadellibrodelujan.com.ar\/index.php\/wp-json\/wp\/v2\/pages\/65\/revisions"}],"predecessor-version":[{"id":408,"href":"https:\/\/feriadellibrodelujan.com.ar\/index.php\/wp-json\/wp\/v2\/pages\/65\/revisions\/408"}],"wp:featuredmedia":[{"embeddable":true,"href":"https:\/\/feriadellibrodelujan.com.ar\/index.php\/wp-json\/wp\/v2\/media\/22"}],"wp:attachment":[{"href":"https:\/\/feriadellibrodelujan.com.ar\/index.php\/wp-json\/wp\/v2\/media?parent=65"}],"curies":[{"name":"wp","href":"https:\/\/api.w.org\/{rel}","templated":true}]}}