{"id":79,"date":"2023-08-17T10:51:26","date_gmt":"2023-08-17T13:51:26","guid":{"rendered":"https:\/\/feriadellibrodelujan.com.ar\/?page_id=79"},"modified":"2025-10-07T08:55:45","modified_gmt":"2025-10-07T11:55:45","slug":"inicio","status":"publish","type":"page","link":"https:\/\/feriadellibrodelujan.com.ar\/","title":{"rendered":"Inicio"},"content":{"rendered":"\t\t<div data-elementor-type=\"wp-page\" data-elementor-id=\"79\" class=\"elementor elementor-79\">\n\t\t\t\t\t\t<section class=\"elementor-section elementor-top-section elementor-element elementor-element-f603df5 elementor-section-boxed elementor-section-height-default elementor-section-height-default\" data-id=\"f603df5\" data-element_type=\"section\" data-e-type=\"section\">\n\t\t\t\t\t\t<div class=\"elementor-container elementor-column-gap-default\">\n\t\t\t\t\t<div class=\"elementor-column elementor-col-100 elementor-top-column elementor-element elementor-element-7c53273\" data-id=\"7c53273\" data-element_type=\"column\" data-e-type=\"column\">\n\t\t\t<div class=\"elementor-widget-wrap elementor-element-populated\">\n\t\t\t\t\t\t<div class=\"elementor-element elementor-element-b2fcd65 elementor-widget elementor-widget-heading\" data-id=\"b2fcd65\" data-element_type=\"widget\" data-e-type=\"widget\" data-widget_type=\"heading.default\">\n\t\t\t\t<div class=\"elementor-widget-container\">\n\t\t\t\t\t<h2 class=\"elementor-heading-title elementor-size-default\">Consulta el Programa 2025<\/h2>\t\t\t\t<\/div>\n\t\t\t\t<\/div>\n\t\t\t\t\t<\/div>\n\t\t<\/div>\n\t\t\t\t\t<\/div>\n\t\t<\/section>\n\t\t\t\t<section class=\"elementor-section elementor-top-section elementor-element elementor-element-db25635 elementor-section-boxed elementor-section-height-default elementor-section-height-default\" data-id=\"db25635\" data-element_type=\"section\" data-e-type=\"section\">\n\t\t\t\t\t\t<div class=\"elementor-container elementor-column-gap-default\">\n\t\t\t\t\t<div class=\"elementor-column elementor-col-100 elementor-top-column elementor-element elementor-element-a5f7d9d\" data-id=\"a5f7d9d\" data-element_type=\"column\" data-e-type=\"column\">\n\t\t\t<div class=\"elementor-widget-wrap elementor-element-populated\">\n\t\t\t\t\t\t<div class=\"elementor-element elementor-element-410a154 elementor-widget elementor-widget-embedpress_pdf\" data-id=\"410a154\" data-element_type=\"widget\" data-e-type=\"widget\" data-widget_type=\"embedpress_pdf.default\">\n\t\t\t\t<div class=\"elementor-widget-container\">\n\t\t\t\t\t    <div class=\"embedpress-document-embed ep-doc-b102e9e51a22bb988dafed4cbe0dc01b ose-document emebedpress-unit-percent \" data-thememode=\"default\" data-customcolor=\"\" data-toolbar=\"yes\" data-toolbar-position=\"top\" data-open=\"no\" data-presentation-mode=\"yes\" data-download=\"yes\" data-copy=\"yes\" data-add-image=\"yes\" data-rotate=\"yes\" data-details=\"yes\" data-id=\"embedpress-pdf-410a154\" data-selection-tool=\"0\" data-scrolling=\"0\" data-spreads=\"-1\" style=\" max-width:100%; display: inline-block\">\n\n        \n                <div >\n\n                    <div id=\"ep-elementor-content-410a154\" class=\"ep-elementor-content   ep-percentage-width   ep-content-protection-disabled\">\n                        <div id=\"410a154\" class=\"ep-embed-content-wraper\">\n                            <div><iframe title=\"Programa Fell 25 web\" class=\"embedpress-embed-document-pdf embedpress-pdf-410a154\" allowfullscreen=\"true\" mozallowfullscreen=\"true\" webkitallowfullscreen=\"true\" style=\"width: 600%!important;height: 600px;; max-width:100%;\" src=\"http:\/\/feriadellibrodelujan.com.ar\/wp-content\/uploads\/2025\/10\/Programa-Fell-25-web.pdf\" class=\"embedpress-embed-document-pdf embedpress-pdf-410a154\" data-emid=\"embedpress-pdf-410a154\" data-embed-type=\"PDF\"><\/iframe><p class=\"embedpress-el-powered\">Powered By EmbedPress<\/p><\/div>                        <\/div>\n\n                    <\/div>\n\n\n                   \n                <\/div>\n            \n    <\/div>\n\n\t\t\t\t<\/div>\n\t\t\t\t<\/div>\n\t\t\t\t\t<\/div>\n\t\t<\/div>\n\t\t\t\t\t<\/div>\n\t\t<\/section>\n\t\t\t\t<section class=\"elementor-section elementor-top-section elementor-element elementor-element-bbecb49 elementor-section-boxed elementor-section-height-default elementor-section-height-default\" data-id=\"bbecb49\" data-element_type=\"section\" data-e-type=\"section\">\n\t\t\t\t\t\t<div class=\"elementor-container elementor-column-gap-default\">\n\t\t\t\t\t<div class=\"elementor-column elementor-col-100 elementor-top-column elementor-element elementor-element-dc4df2e\" data-id=\"dc4df2e\" data-element_type=\"column\" data-e-type=\"column\">\n\t\t\t<div class=\"elementor-widget-wrap elementor-element-populated\">\n\t\t\t\t\t\t<div class=\"elementor-element elementor-element-4f9d531 elementor-widget elementor-widget-spacer\" data-id=\"4f9d531\" data-element_type=\"widget\" data-e-type=\"widget\" data-widget_type=\"spacer.default\">\n\t\t\t\t<div class=\"elementor-widget-container\">\n\t\t\t\t\t\t\t<div class=\"elementor-spacer\">\n\t\t\t<div class=\"elementor-spacer-inner\"><\/div>\n\t\t<\/div>\n\t\t\t\t\t\t<\/div>\n\t\t\t\t<\/div>\n\t\t\t\t<div class=\"elementor-element elementor-element-c8ba10a elementor-widget elementor-widget-heading\" data-id=\"c8ba10a\" data-element_type=\"widget\" data-e-type=\"widget\" data-widget_type=\"heading.default\">\n\t\t\t\t<div class=\"elementor-widget-container\">\n\t\t\t\t\t<h2 class=\"elementor-heading-title elementor-size-default\">As\u00ed fue la Edici\u00f3n 2024!<\/h2>\t\t\t\t<\/div>\n\t\t\t\t<\/div>\n\t\t\t\t\t<\/div>\n\t\t<\/div>\n\t\t\t\t\t<\/div>\n\t\t<\/section>\n\t\t\t\t<section class=\"elementor-section elementor-top-section elementor-element elementor-element-6b56061 elementor-section-boxed elementor-section-height-default elementor-section-height-default\" data-id=\"6b56061\" data-element_type=\"section\" data-e-type=\"section\">\n\t\t\t\t\t\t<div class=\"elementor-container elementor-column-gap-default\">\n\t\t\t\t\t<div class=\"elementor-column elementor-col-100 elementor-top-column elementor-element elementor-element-7445dce\" data-id=\"7445dce\" data-element_type=\"column\" data-e-type=\"column\">\n\t\t\t<div class=\"elementor-widget-wrap elementor-element-populated\">\n\t\t\t\t\t\t<div class=\"elementor-element elementor-element-124a111 elementor-arrows-position-inside elementor-pagination-position-outside elementor-widget elementor-widget-image-carousel\" data-id=\"124a111\" data-element_type=\"widget\" data-e-type=\"widget\" data-settings=\"{&quot;image_spacing_custom&quot;:{&quot;unit&quot;:&quot;px&quot;,&quot;size&quot;:16,&quot;sizes&quot;:[]},&quot;navigation&quot;:&quot;both&quot;,&quot;autoplay&quot;:&quot;yes&quot;,&quot;pause_on_hover&quot;:&quot;yes&quot;,&quot;pause_on_interaction&quot;:&quot;yes&quot;,&quot;autoplay_speed&quot;:5000,&quot;infinite&quot;:&quot;yes&quot;,&quot;speed&quot;:500,&quot;image_spacing_custom_tablet&quot;:{&quot;unit&quot;:&quot;px&quot;,&quot;size&quot;:&quot;&quot;,&quot;sizes&quot;:[]},&quot;image_spacing_custom_mobile&quot;:{&quot;unit&quot;:&quot;px&quot;,&quot;size&quot;:&quot;&quot;,&quot;sizes&quot;:[]}}\" data-widget_type=\"image-carousel.default\">\n\t\t\t\t<div class=\"elementor-widget-container\">\n\t\t\t\t\t\t\t<div class=\"elementor-image-carousel-wrapper swiper\" role=\"region\" aria-roledescription=\"carousel\" aria-label=\"Image Carousel\" dir=\"ltr\">\n\t\t\t<div class=\"elementor-image-carousel swiper-wrapper\" aria-live=\"off\">\n\t\t\t\t\t\t\t\t<div class=\"swiper-slide\" role=\"group\" aria-roledescription=\"slide\" aria-label=\"1 of 29\"><figure class=\"swiper-slide-inner\"><img decoding=\"async\" class=\"swiper-slide-image\" src=\"https:\/\/feriadellibrodelujan.com.ar\/wp-content\/uploads\/2024\/11\/465828021_471346015357478_4001965657262681168_n-1024x697.jpg\" alt=\"465828021_471346015357478_4001965657262681168_n\" \/><\/figure><\/div><div class=\"swiper-slide\" role=\"group\" aria-roledescription=\"slide\" aria-label=\"2 of 29\"><figure class=\"swiper-slide-inner\"><img decoding=\"async\" class=\"swiper-slide-image\" src=\"https:\/\/feriadellibrodelujan.com.ar\/wp-content\/uploads\/2024\/11\/465723931_987011900140448_1362230298701547407_n-1024x683.jpg\" alt=\"465723931_987011900140448_1362230298701547407_n\" \/><\/figure><\/div><div class=\"swiper-slide\" role=\"group\" aria-roledescription=\"slide\" aria-label=\"3 of 29\"><figure class=\"swiper-slide-inner\"><img decoding=\"async\" class=\"swiper-slide-image\" src=\"https:\/\/feriadellibrodelujan.com.ar\/wp-content\/uploads\/2024\/11\/465718475_987012080140430_24290480325935826_n-1024x683.jpg\" alt=\"465718475_987012080140430_24290480325935826_n\" \/><\/figure><\/div><div class=\"swiper-slide\" role=\"group\" aria-roledescription=\"slide\" aria-label=\"4 of 29\"><figure class=\"swiper-slide-inner\"><img decoding=\"async\" class=\"swiper-slide-image\" src=\"https:\/\/feriadellibrodelujan.com.ar\/wp-content\/uploads\/2024\/11\/465692539_968514578647618_8126114774356105093_n-1024x697.jpg\" alt=\"465692539_968514578647618_8126114774356105093_n\" \/><\/figure><\/div><div class=\"swiper-slide\" role=\"group\" aria-roledescription=\"slide\" aria-label=\"5 of 29\"><figure class=\"swiper-slide-inner\"><img decoding=\"async\" class=\"swiper-slide-image\" src=\"https:\/\/feriadellibrodelujan.com.ar\/wp-content\/uploads\/2024\/11\/465681291_376971192075705_2468397984127855240_n-1024x697.jpg\" alt=\"465681291_376971192075705_2468397984127855240_n\" \/><\/figure><\/div><div class=\"swiper-slide\" role=\"group\" aria-roledescription=\"slide\" aria-label=\"6 of 29\"><figure class=\"swiper-slide-inner\"><img decoding=\"async\" class=\"swiper-slide-image\" src=\"https:\/\/feriadellibrodelujan.com.ar\/wp-content\/uploads\/2024\/11\/465676944_2466051703726620_5458976728431898428_n-1024x697.jpg\" alt=\"465676944_2466051703726620_5458976728431898428_n\" \/><\/figure><\/div><div class=\"swiper-slide\" role=\"group\" aria-roledescription=\"slide\" aria-label=\"7 of 29\"><figure class=\"swiper-slide-inner\"><img decoding=\"async\" class=\"swiper-slide-image\" src=\"https:\/\/feriadellibrodelujan.com.ar\/wp-content\/uploads\/2024\/11\/465515720_1072034427744252_2488856493446211143_n-1024x697.jpg\" alt=\"465515720_1072034427744252_2488856493446211143_n\" \/><\/figure><\/div><div class=\"swiper-slide\" role=\"group\" aria-roledescription=\"slide\" aria-label=\"8 of 29\"><figure class=\"swiper-slide-inner\"><img decoding=\"async\" class=\"swiper-slide-image\" src=\"https:\/\/feriadellibrodelujan.com.ar\/wp-content\/uploads\/2024\/11\/465524493_18309430801167156_3077174353183991390_n-1024x686.jpg\" alt=\"465524493_18309430801167156_3077174353183991390_n\" \/><\/figure><\/div><div class=\"swiper-slide\" role=\"group\" aria-roledescription=\"slide\" aria-label=\"9 of 29\"><figure class=\"swiper-slide-inner\"><img decoding=\"async\" class=\"swiper-slide-image\" src=\"https:\/\/feriadellibrodelujan.com.ar\/wp-content\/uploads\/2024\/11\/465560474_987011783473793_5147759638959347181_n-1024x683.jpg\" alt=\"465560474_987011783473793_5147759638959347181_n\" \/><\/figure><\/div><div class=\"swiper-slide\" role=\"group\" aria-roledescription=\"slide\" aria-label=\"10 of 29\"><figure class=\"swiper-slide-inner\"><img decoding=\"async\" class=\"swiper-slide-image\" src=\"https:\/\/feriadellibrodelujan.com.ar\/wp-content\/uploads\/2024\/11\/465580449_582092591148426_8541198159868812699_n-1024x697.jpg\" alt=\"465580449_582092591148426_8541198159868812699_n\" \/><\/figure><\/div><div class=\"swiper-slide\" role=\"group\" aria-roledescription=\"slide\" aria-label=\"11 of 29\"><figure class=\"swiper-slide-inner\"><img decoding=\"async\" class=\"swiper-slide-image\" src=\"https:\/\/feriadellibrodelujan.com.ar\/wp-content\/uploads\/2024\/11\/465663318_465359749893481_4332818518265685521_n-1024x697.jpg\" alt=\"465663318_465359749893481_4332818518265685521_n\" \/><\/figure><\/div><div class=\"swiper-slide\" role=\"group\" aria-roledescription=\"slide\" aria-label=\"12 of 29\"><figure class=\"swiper-slide-inner\"><img decoding=\"async\" class=\"swiper-slide-image\" src=\"https:\/\/feriadellibrodelujan.com.ar\/wp-content\/uploads\/2024\/11\/465669155_476041584830810_2250136492898383458_n-1024x697.jpg\" alt=\"465669155_476041584830810_2250136492898383458_n\" \/><\/figure><\/div><div class=\"swiper-slide\" role=\"group\" aria-roledescription=\"slide\" aria-label=\"13 of 29\"><figure class=\"swiper-slide-inner\"><img decoding=\"async\" class=\"swiper-slide-image\" src=\"https:\/\/feriadellibrodelujan.com.ar\/wp-content\/uploads\/2024\/11\/465507706_871972571774193_6215042244025027692_n-1024x696.jpg\" alt=\"465507706_871972571774193_6215042244025027692_n\" \/><\/figure><\/div><div class=\"swiper-slide\" role=\"group\" aria-roledescription=\"slide\" aria-label=\"14 of 29\"><figure class=\"swiper-slide-inner\"><img decoding=\"async\" class=\"swiper-slide-image\" src=\"https:\/\/feriadellibrodelujan.com.ar\/wp-content\/uploads\/2024\/11\/465505209_1214441196475692_2080641579869835075_n-1024x697.jpg\" alt=\"465505209_1214441196475692_2080641579869835075_n\" \/><\/figure><\/div><div class=\"swiper-slide\" role=\"group\" aria-roledescription=\"slide\" aria-label=\"15 of 29\"><figure class=\"swiper-slide-inner\"><img decoding=\"async\" class=\"swiper-slide-image\" src=\"https:\/\/feriadellibrodelujan.com.ar\/wp-content\/uploads\/2024\/11\/465485281_1762094117950790_1214865380527286718_n-1024x696.jpg\" alt=\"465485281_1762094117950790_1214865380527286718_n\" \/><\/figure><\/div><div class=\"swiper-slide\" role=\"group\" aria-roledescription=\"slide\" aria-label=\"16 of 29\"><figure class=\"swiper-slide-inner\"><img decoding=\"async\" class=\"swiper-slide-image\" src=\"https:\/\/feriadellibrodelujan.com.ar\/wp-content\/uploads\/2024\/11\/465464622_987011846807120_8583666278557104319_n-1024x683.jpg\" alt=\"465464622_987011846807120_8583666278557104319_n\" \/><\/figure><\/div><div class=\"swiper-slide\" role=\"group\" aria-roledescription=\"slide\" aria-label=\"17 of 29\"><figure class=\"swiper-slide-inner\"><img decoding=\"async\" class=\"swiper-slide-image\" src=\"https:\/\/feriadellibrodelujan.com.ar\/wp-content\/uploads\/2024\/11\/465433783_18309430846167156_859206638080976389_n-1024x686.jpg\" alt=\"465433783_18309430846167156_859206638080976389_n\" \/><\/figure><\/div><div class=\"swiper-slide\" role=\"group\" aria-roledescription=\"slide\" aria-label=\"18 of 29\"><figure class=\"swiper-slide-inner\"><img decoding=\"async\" class=\"swiper-slide-image\" src=\"https:\/\/feriadellibrodelujan.com.ar\/wp-content\/uploads\/2024\/11\/465278314_18309430822167156_5348107076497684237_n-1024x686.jpg\" alt=\"465278314_18309430822167156_5348107076497684237_n\" \/><\/figure><\/div><div class=\"swiper-slide\" role=\"group\" aria-roledescription=\"slide\" aria-label=\"19 of 29\"><figure class=\"swiper-slide-inner\"><img decoding=\"async\" class=\"swiper-slide-image\" src=\"https:\/\/feriadellibrodelujan.com.ar\/wp-content\/uploads\/2024\/11\/465055091_526802366916334_2790207352415375183_n-1024x697.jpg\" alt=\"465055091_526802366916334_2790207352415375183_n\" \/><\/figure><\/div><div class=\"swiper-slide\" role=\"group\" aria-roledescription=\"slide\" aria-label=\"20 of 29\"><figure class=\"swiper-slide-inner\"><img decoding=\"async\" class=\"swiper-slide-image\" src=\"https:\/\/feriadellibrodelujan.com.ar\/wp-content\/uploads\/2024\/11\/465217290_18309430792167156_1416483135239379376_n-1024x686.jpg\" alt=\"465217290_18309430792167156_1416483135239379376_n\" \/><\/figure><\/div><div class=\"swiper-slide\" role=\"group\" aria-roledescription=\"slide\" aria-label=\"21 of 29\"><figure class=\"swiper-slide-inner\"><img decoding=\"async\" class=\"swiper-slide-image\" src=\"https:\/\/feriadellibrodelujan.com.ar\/wp-content\/uploads\/2024\/11\/465271725_18309430825167156_4733787302526258574_n-1024x686.jpg\" alt=\"465271725_18309430825167156_4733787302526258574_n\" \/><\/figure><\/div><div class=\"swiper-slide\" role=\"group\" aria-roledescription=\"slide\" aria-label=\"22 of 29\"><figure class=\"swiper-slide-inner\"><img decoding=\"async\" class=\"swiper-slide-image\" src=\"https:\/\/feriadellibrodelujan.com.ar\/wp-content\/uploads\/2024\/11\/465276539_18309430828167156_1281421345133615883_n-1024x686.jpg\" alt=\"465276539_18309430828167156_1281421345133615883_n\" \/><\/figure><\/div><div class=\"swiper-slide\" role=\"group\" aria-roledescription=\"slide\" aria-label=\"23 of 29\"><figure class=\"swiper-slide-inner\"><img decoding=\"async\" class=\"swiper-slide-image\" src=\"https:\/\/feriadellibrodelujan.com.ar\/wp-content\/uploads\/2024\/11\/464980673_1104607011018527_8974671206706600421_n-1024x697.jpg\" alt=\"464980673_1104607011018527_8974671206706600421_n\" \/><\/figure><\/div><div class=\"swiper-slide\" role=\"group\" aria-roledescription=\"slide\" aria-label=\"24 of 29\"><figure class=\"swiper-slide-inner\"><img decoding=\"async\" class=\"swiper-slide-image\" src=\"https:\/\/feriadellibrodelujan.com.ar\/wp-content\/uploads\/2024\/11\/464922991_1811247213013351_4980671013127632117_n-1024x697.jpg\" alt=\"464922991_1811247213013351_4980671013127632117_n\" \/><\/figure><\/div><div class=\"swiper-slide\" role=\"group\" aria-roledescription=\"slide\" aria-label=\"25 of 29\"><figure class=\"swiper-slide-inner\"><img decoding=\"async\" class=\"swiper-slide-image\" src=\"https:\/\/feriadellibrodelujan.com.ar\/wp-content\/uploads\/2024\/11\/464884938_568628815719186_1574649892928308196_n-1024x697.jpg\" alt=\"464884938_568628815719186_1574649892928308196_n\" \/><\/figure><\/div><div class=\"swiper-slide\" role=\"group\" aria-roledescription=\"slide\" aria-label=\"26 of 29\"><figure class=\"swiper-slide-inner\"><img decoding=\"async\" class=\"swiper-slide-image\" src=\"https:\/\/feriadellibrodelujan.com.ar\/wp-content\/uploads\/2024\/11\/464751248_987011976807107_5778690357548822249_n-1024x683.jpg\" alt=\"464751248_987011976807107_5778690357548822249_n\" \/><\/figure><\/div><div class=\"swiper-slide\" role=\"group\" aria-roledescription=\"slide\" aria-label=\"27 of 29\"><figure class=\"swiper-slide-inner\"><img decoding=\"async\" class=\"swiper-slide-image\" src=\"https:\/\/feriadellibrodelujan.com.ar\/wp-content\/uploads\/2024\/11\/464625604_987011876807117_6985560355509579552_n-1024x683.jpg\" alt=\"464625604_987011876807117_6985560355509579552_n\" \/><\/figure><\/div><div class=\"swiper-slide\" role=\"group\" aria-roledescription=\"slide\" aria-label=\"28 of 29\"><figure class=\"swiper-slide-inner\"><img decoding=\"async\" class=\"swiper-slide-image\" src=\"https:\/\/feriadellibrodelujan.com.ar\/wp-content\/uploads\/2024\/11\/464617397_987011946807110_3164518319083530126_n-1024x683.jpg\" alt=\"464617397_987011946807110_3164518319083530126_n\" \/><\/figure><\/div><div class=\"swiper-slide\" role=\"group\" aria-roledescription=\"slide\" aria-label=\"29 of 29\"><figure class=\"swiper-slide-inner\"><img decoding=\"async\" class=\"swiper-slide-image\" src=\"https:\/\/feriadellibrodelujan.com.ar\/wp-content\/uploads\/2024\/11\/463079276_357830377416797_63759325788741557_n-1024x696.jpg\" alt=\"463079276_357830377416797_63759325788741557_n\" \/><\/figure><\/div>\t\t\t<\/div>\n\t\t\t\t\t\t\t\t\t\t\t\t<div class=\"elementor-swiper-button elementor-swiper-button-prev\" role=\"button\" tabindex=\"0\">\n\t\t\t\t\t\t<i aria-hidden=\"true\" class=\"eicon-chevron-left\"><\/i>\t\t\t\t\t<\/div>\n\t\t\t\t\t<div class=\"elementor-swiper-button elementor-swiper-button-next\" role=\"button\" tabindex=\"0\">\n\t\t\t\t\t\t<i aria-hidden=\"true\" class=\"eicon-chevron-right\"><\/i>\t\t\t\t\t<\/div>\n\t\t\t\t\n\t\t\t\t\t\t\t\t\t<div class=\"swiper-pagination\"><\/div>\n\t\t\t\t\t\t\t\t\t<\/div>\n\t\t\t\t\t\t<\/div>\n\t\t\t\t<\/div>\n\t\t\t\t\t<\/div>\n\t\t<\/div>\n\t\t\t\t\t<\/div>\n\t\t<\/section>\n\t\t\t\t<section class=\"elementor-section elementor-top-section elementor-element elementor-element-d27451d elementor-section-boxed elementor-section-height-default elementor-section-height-default\" data-id=\"d27451d\" data-element_type=\"section\" data-e-type=\"section\" data-settings=\"{&quot;background_background&quot;:&quot;classic&quot;}\">\n\t\t\t\t\t\t<div class=\"elementor-container elementor-column-gap-default\">\n\t\t\t\t\t<div class=\"elementor-column elementor-col-100 elementor-top-column elementor-element elementor-element-fac0b1f\" data-id=\"fac0b1f\" data-element_type=\"column\" data-e-type=\"column\">\n\t\t\t<div class=\"elementor-widget-wrap elementor-element-populated\">\n\t\t\t\t\t\t<div class=\"elementor-element elementor-element-b2d0228 elementor-widget elementor-widget-image\" data-id=\"b2d0228\" data-element_type=\"widget\" data-e-type=\"widget\" data-widget_type=\"image.default\">\n\t\t\t\t<div class=\"elementor-widget-container\">\n\t\t\t\t\t\t\t\t\t\t\t\t\t\t\t<img fetchpriority=\"high\" decoding=\"async\" width=\"1024\" height=\"237\" src=\"https:\/\/feriadellibrodelujan.com.ar\/wp-content\/uploads\/2024\/10\/fell-24-logo-1024x237.png\" class=\"attachment-large size-large wp-image-466\" alt=\"\" srcset=\"https:\/\/feriadellibrodelujan.com.ar\/wp-content\/uploads\/2024\/10\/fell-24-logo-1024x237.png 1024w, https:\/\/feriadellibrodelujan.com.ar\/wp-content\/uploads\/2024\/10\/fell-24-logo-300x70.png 300w, https:\/\/feriadellibrodelujan.com.ar\/wp-content\/uploads\/2024\/10\/fell-24-logo-768x178.png 768w, https:\/\/feriadellibrodelujan.com.ar\/wp-content\/uploads\/2024\/10\/fell-24-logo-600x139.png 600w, https:\/\/feriadellibrodelujan.com.ar\/wp-content\/uploads\/2024\/10\/fell-24-logo.png 1441w\" sizes=\"(max-width: 1024px) 100vw, 1024px\" \/>\t\t\t\t\t\t\t\t\t\t\t\t\t\t\t<\/div>\n\t\t\t\t<\/div>\n\t\t\t\t<div class=\"elementor-element elementor-element-924bd56 elementor-widget elementor-widget-text-editor\" data-id=\"924bd56\" data-element_type=\"widget\" data-e-type=\"widget\" data-widget_type=\"text-editor.default\">\n\t\t\t\t<div class=\"elementor-widget-container\">\n\t\t\t\t\t\t\t\t\t<p style=\"text-align: center;\"><em><span style=\"vertical-align: inherit;\"><span style=\"vertical-align: inherit;\"><span style=\"vertical-align: inherit;\"><span style=\"vertical-align: inherit;\">La FeLL, Feria del Libro de Luj\u00e1n cuenta con el apoyo del Instituto de Culturas de la Provincia de Buenos Aires, a trav\u00e9s del Programa Temporal de Asistencia a Ferias y Festivales del Libro, otorgado por la Subsecretar\u00eda de Industrias Creativas e Innovaci\u00f3n Cultural<\/span><\/span><\/span><\/span><\/em><\/p>\t\t\t\t\t\t\t\t<\/div>\n\t\t\t\t<\/div>\n\t\t\t\t\t<\/div>\n\t\t<\/div>\n\t\t\t\t\t<\/div>\n\t\t<\/section>\n\t\t\t\t<\/div>\n\t\t","protected":false},"excerpt":{"rendered":"<p>Consulta el Programa 2025 Powered By EmbedPress As\u00ed fue la Edici\u00f3n 2024! La FeLL, Feria del Libro de Luj\u00e1n cuenta con el apoyo del Instituto de Culturas de la Provincia de Buenos Aires, a trav\u00e9s del Programa Temporal de Asistencia a Ferias y Festivales del Libro, otorgado por la Subsecretar\u00eda de Industrias Creativas e Innovaci\u00f3n [&hellip;]<\/p>\n","protected":false},"author":1,"featured_media":0,"parent":0,"menu_order":0,"comment_status":"closed","ping_status":"closed","template":"","meta":{"om_disable_all_campaigns":false,"_monsterinsights_skip_tracking":false,"_monsterinsights_sitenote_active":false,"_monsterinsights_sitenote_note":"","_monsterinsights_sitenote_category":0,"footnotes":""},"class_list":["post-79","page","type-page","status-publish","czr-hentry"],"aioseo_notices":[],"_links":{"self":[{"href":"https:\/\/feriadellibrodelujan.com.ar\/index.php\/wp-json\/wp\/v2\/pages\/79","targetHints":{"allow":["GET"]}}],"collection":[{"href":"https:\/\/feriadellibrodelujan.com.ar\/index.php\/wp-json\/wp\/v2\/pages"}],"about":[{"href":"https:\/\/feriadellibrodelujan.com.ar\/index.php\/wp-json\/wp\/v2\/types\/page"}],"author":[{"embeddable":true,"href":"https:\/\/feriadellibrodelujan.com.ar\/index.php\/wp-json\/wp\/v2\/users\/1"}],"replies":[{"embeddable":true,"href":"https:\/\/feriadellibrodelujan.com.ar\/index.php\/wp-json\/wp\/v2\/comments?post=79"}],"version-history":[{"count":150,"href":"https:\/\/feriadellibrodelujan.com.ar\/index.php\/wp-json\/wp\/v2\/pages\/79\/revisions"}],"predecessor-version":[{"id":607,"href":"https:\/\/feriadellibrodelujan.com.ar\/index.php\/wp-json\/wp\/v2\/pages\/79\/revisions\/607"}],"wp:attachment":[{"href":"https:\/\/feriadellibrodelujan.com.ar\/index.php\/wp-json\/wp\/v2\/media?parent=79"}],"curies":[{"name":"wp","href":"https:\/\/api.w.org\/{rel}","templated":true}]}}